{"id":21,"date":"2026-03-11T11:32:33","date_gmt":"2026-03-11T02:32:33","guid":{"rendered":"https:\/\/hcv1001lfxr8.smartrelease.jp\/control-panel\/?page_id=21"},"modified":"2026-03-28T17:56:25","modified_gmt":"2026-03-28T08:56:25","slug":"contact","status":"publish","type":"page","link":"https:\/\/hcv1001lfxr8.smartrelease.jp\/control-panel\/contact\/","title":{"rendered":"\u304a\u554f\u3044\u5408\u308f\u305b"},"content":{"rendered":"\n<p class=\"has-text-align-left contact-faq-Link\"><a href=\"https:\/\/hcv1001lfxr8.smartrelease.jp\/control-panel\/faq\/\" data-type=\"page\" data-id=\"17\">\u3088\u304f\u3042\u308b\u8cea\u554f\u306f\u3053\u3061\u3089<\/a><\/p>\n\n\n\n<div class=\"wp-block-vk-blocks-spacer vk_spacer vk_spacer-type-margin-top\"><div class=\"vk_block-margin-lg--margin-top\"><\/div><\/div>\n\n\n\n<p class=\"has-text-align-left\">\u3054\u4e0d\u660e\u306a\u70b9\u304c\u3054\u3056\u3044\u307e\u3057\u305f\u3089\u3001\u4e0b\u8a18\u307e\u3067\u304a\u554f\u3044\u5408\u308f\u305b\u304f\u3060\u3055\u3044\u3002<br>\u30e1\u30fc\u30eb\u306b\u3088\u308b\u304a\u554f\u3044\u5408\u308f\u305b\u306f\u3001\u304a\u6642\u9593\u3092\u3044\u305f\u3060\u304f\u5834\u5408\u304c\u3054\u3056\u3044\u307e\u3059\u3002<br>\u304a\u6025\u304e\u306e\u5834\u5408\u306f\u3001\u304a\u96fb\u8a71\u306b\u3066\u304a\u554f\u3044\u5408\u308f\u305b\u304f\u3060\u3055\u3044\u3002<\/p>\n\n\n\n<div class=\"wp-block-vk-blocks-spacer vk_spacer vk_spacer-type-margin-top\"><div class=\"vk_block-margin-xxl--margin-top\"><\/div><\/div>\n\n\n\n<h3 class=\"wp-block-heading block_h3ttl\">\u304a\u96fb\u8a71\u3067\u306e\u304a\u554f\u3044\u5408\u308f\u305b<\/h3>\n\n\n\n<p class=\"has-large-font-size\"><strong><a href=\"http:\/\/024-585-2132\">TEL.024-585-2132<\/a><\/strong><\/p>\n\n\n\n<p><strong>\u53d7\u4ed8\u6642\u9593\u30009\uff1a00\u301c17\uff1a00<\/strong><\/p>\n\n\n\n<div class=\"wp-block-vk-blocks-spacer vk_spacer vk_spacer-type-margin-top\"><div class=\"vk_block-margin-xxl--margin-top\"><\/div><\/div>\n\n\n\n<h3 class=\"wp-block-heading block_h3ttl\">\u30e1\u30fc\u30eb\u3067\u306e\u304a\u554f\u3044\u5408\u308f\u305b<\/h3>\n\n\n\n<p>\u4e0b\u8a18\u306e\u5165\u529b\u30d5\u30a9\u30fc\u30e0\u306b\u5fc5\u8981\u4e8b\u9805\u3092\u3054\u5165\u529b\u306e\u4e0a\u3001\u300c\u9001\u4fe1\u3059\u308b\u300d\u30dc\u30bf\u30f3\u3092\u30af\u30ea\u30c3\u30af\u3057\u3066\u304f\u3060\u3055\u3044\u3002<\/p>\n\n\n\n<div class=\"wp-block-vk-blocks-spacer vk_spacer vk_spacer-type-margin-top\"><div class=\"vk_block-margin-xl--margin-top\"><\/div><\/div>\n\n\n\n<div class=\"wpcf7 no-js\" id=\"wpcf7-f449-o1\" lang=\"ja\" dir=\"ltr\" data-wpcf7-id=\"449\">\n<div class=\"screen-reader-response\"><p role=\"status\" aria-live=\"polite\" aria-atomic=\"true\"><\/p> <ul><\/ul><\/div>\n<script type=\"text\/javascript\" charset=\"UTF-8\" src=\"https:\/\/zipaddr.github.io\/zipaddrx.js?v=1.42\"><\/script><script defer src=\"data:text\/javascript;base64,ZnVuY3Rpb24gemlwYWRkcl9vd25iKCl7WlAuZGxpPSctJztaUC53cD0nMSc7WlAudXZlcj0nMTc0MzQuNzUxOTAuOTI2NTInO1pQLnN5c2lkPSdDb250YWN0Rm9ybTcnO30=\"><\/script><script type=\"text\/javascript\" charset=\"UTF-8\" src=\"https:\/\/zipaddr.github.io\/contactform7.js\"><\/script><form action=\"\/control-panel\/wp-json\/wp\/v2\/pages\/21#wpcf7-f449-o1\" method=\"post\" class=\"wpcf7-form init\" aria-label=\"\u30b3\u30f3\u30bf\u30af\u30c8\u30d5\u30a9\u30fc\u30e0\" novalidate=\"novalidate\" data-status=\"init\">\n<fieldset class=\"hidden-fields-container\"><input type=\"hidden\" name=\"_wpcf7\" value=\"449\" \/><input type=\"hidden\" name=\"_wpcf7_version\" value=\"6.1.5\" \/><input type=\"hidden\" name=\"_wpcf7_locale\" value=\"ja\" \/><input type=\"hidden\" name=\"_wpcf7_unit_tag\" value=\"wpcf7-f449-o1\" \/><input type=\"hidden\" name=\"_wpcf7_container_post\" value=\"0\" \/><input type=\"hidden\" name=\"_wpcf7_posted_data_hash\" value=\"\" \/>\n<\/fieldset>\n<div id=\"cf-tbl\">\n\t<table>\n\t\t<tbody>\n\t\t\t<tr>\n\t\t\t\t<th>\n\t\t\t\t\t<p>\u6c0f\u3000\u540d<span class=\"required\">\uff08\u5fc5\u9808\uff09<\/span>\n\t\t\t\t\t<\/p>\n\t\t\t\t<\/th>\n\t\t\t\t<td>\n\t\t\t\t\t<p><span class=\"wpcf7-form-control-wrap\" data-name=\"your-name\"><input size=\"40\" maxlength=\"400\" class=\"wpcf7-form-control wpcf7-text wpcf7-validates-as-required\" aria-required=\"true\" aria-invalid=\"false\" placeholder=\"\u4f8b\uff1a\u963f\u6d25\u8cc0\u5fd7\u3000\u592a\u90ce\" value=\"\" type=\"text\" name=\"your-name\" \/><\/span>\n\t\t\t\t\t<\/p>\n\t\t\t\t<\/td>\n\t\t\t<\/tr>\n\t\t\t<tr>\n\t\t\t\t<th>\n\t\t\t\t\t<p>\u3075\u308a\u304c\u306a<span class=\"required\">\uff08\u5fc5\u9808\uff09<\/span>\n\t\t\t\t\t<\/p>\n\t\t\t\t<\/th>\n\t\t\t\t<td>\n\t\t\t\t\t<p><span class=\"wpcf7-form-control-wrap\" data-name=\"your-furigana\"><input size=\"40\" maxlength=\"400\" class=\"wpcf7-form-control wpcf7-text wpcf7-validates-as-required\" aria-required=\"true\" aria-invalid=\"false\" placeholder=\"\u4f8b\uff1a\u3042\u3064\u304b\u3057\u3000\u305f\u308d\u3046\" value=\"\" type=\"text\" name=\"your-furigana\" \/><\/span>\n\t\t\t\t\t<\/p>\n\t\t\t\t<\/td>\n\t\t\t<\/tr>\n\t\t\t<tr>\n\t\t\t\t<th>\n\t\t\t\t\t<p>\u30e1\u30fc\u30eb\u30a2\u30c9\u30ec\u30b9<span class=\"required\">\uff08\u5fc5\u9808\uff09<\/span>\n\t\t\t\t\t<\/p>\n\t\t\t\t<\/th>\n\t\t\t\t<td>\n\t\t\t\t\t<p><span class=\"wpcf7-form-control-wrap\" data-name=\"your-email\"><input size=\"40\" maxlength=\"400\" class=\"wpcf7-form-control wpcf7-email wpcf7-validates-as-required wpcf7-text wpcf7-validates-as-email\" aria-required=\"true\" aria-invalid=\"false\" placeholder=\"\u4f8b\uff1a\u00d7\u00d7\u00d7@\u00d7\u00d7\u00d7.com\" value=\"\" type=\"email\" name=\"your-email\" \/><\/span>\n\t\t\t\t\t<\/p>\n\t\t\t\t<\/td>\n\t\t\t<\/tr>\n\t\t\t<tr>\n\t\t\t\t<th>\n\t\t\t\t<\/th>\n\t\t\t\t<td>\n\t\t\t\t\t<p class=\"c-comment\">\u78ba\u8a8d\u306e\u305f\u3081\u3001\u3082\u3046\u4e00\u5ea6\u3054\u5165\u529b\u3092\u304a\u9858\u3044\u3044\u305f\u3057\u307e\u3059\u3002\n\t\t\t\t\t<\/p>\n\t\t\t\t\t<p><span class=\"wpcf7-form-control-wrap\" data-name=\"your-email_confirm\"><input size=\"40\" maxlength=\"400\" class=\"wpcf7-form-control wpcf7-email wpcf7-validates-as-required wpcf7-text wpcf7-validates-as-email\" aria-required=\"true\" aria-invalid=\"false\" placeholder=\"\u78ba\u8a8d\u306e\u305f\u3081\u518d\u5165\u529b\u3057\u3066\u304f\u3060\u3055\u3044\" value=\"\" type=\"email\" name=\"your-email_confirm\" \/><\/span>\n\t\t\t\t\t<\/p>\n\t\t\t\t<\/td>\n\t\t\t<\/tr>\n\t\t\t<tr>\n\t\t\t\t<th>\n\t\t\t\t\t<p>\u96fb\u8a71\u756a\u53f7<span class=\"required\">\uff08\u5fc5\u9808\uff09<\/span>\n\t\t\t\t\t<\/p>\n\t\t\t\t<\/th>\n\t\t\t\t<td>\n\t\t\t\t\t<p><span class=\"wpcf7-form-control-wrap\" data-name=\"tel\"><input size=\"40\" maxlength=\"400\" class=\"wpcf7-form-control wpcf7-tel wpcf7-validates-as-required wpcf7-text wpcf7-validates-as-tel\" aria-required=\"true\" aria-invalid=\"false\" placeholder=\"\u4f8b\uff1a080-0000-0000\" value=\"\" type=\"tel\" name=\"tel\" \/><\/span>\n\t\t\t\t\t<\/p>\n\t\t\t\t<\/td>\n\t\t\t<\/tr>\n\t\t\t<tr>\n\t\t\t\t<th>\n\t\t\t\t\t<p>\u304a\u554f\u3044\u5408\u308f\u305b\u5185\u5bb9\n\t\t\t\t\t<\/p>\n\t\t\t\t<\/th>\n\t\t\t\t<td>\n\t\t\t\t\t<p><span class=\"wpcf7-form-control-wrap\" data-name=\"textarea-840\"><textarea cols=\"40\" rows=\"10\" maxlength=\"2000\" class=\"wpcf7-form-control wpcf7-textarea\" aria-invalid=\"false\" name=\"textarea-840\"><\/textarea><\/span>\n\t\t\t\t\t<\/p>\n\t\t\t\t<\/td>\n\t\t\t<\/tr>\n\t\t<\/tbody>\n\t<\/table>\n<\/div>\n<div class=\"acceptance__ch\">\n\t<div class=\"acceptance__txt\">\n\t\t<p class=\"acceptance__ttl\">\u500b\u4eba\u60c5\u5831\u306e\u53d6\u308a\u6271\u3044\u306b\u3064\u3044\u3066<span class=\"required\">\uff08\u5fc5\u9808\uff09<\/span>\n\t\t<\/p>\n\t\t<p class=\"a__txt\">\u3054\u5165\u529b\u3044\u305f\u3060\u3044\u305f\u60c5\u5831\u306f<a href=\"https:\/\/hcv1001lfxr8.smartrelease.jp\/control-panel\/privacy\/\">\u300c\u500b\u4eba\u60c5\u5831\u4fdd\u8b77\u306b\u3064\u3044\u3066\u300d<\/a>\u306b\u8a18\u8f09\u306e\u7bc4\u56f2\u3067\u5229\u7528\u3055\u305b\u3066\u3044\u305f\u3060\u304d\u307e\u3059\u3002<br \/>\n\u540c\u610f\u3044\u305f\u3060\u3051\u308b\u65b9\u306f\u4ee5\u4e0b\u306b\u30c1\u30a7\u30c3\u30af\u3092\u5165\u308c\u3066\u9001\u4fe1\u3057\u3066\u304f\u3060\u3055\u3044\u3002\n\t\t<\/p>\n\t<\/div>\n\t<div class=\"acceptance__btn\">\n\t\t<p><span class=\"wpcf7-form-control-wrap\" data-name=\"acceptance-302\"><span class=\"wpcf7-form-control wpcf7-acceptance\"><span class=\"wpcf7-list-item\"><label><input type=\"checkbox\" name=\"acceptance-302\" value=\"1\" aria-invalid=\"false\" \/><span class=\"wpcf7-list-item-label\">\u540c\u610f\u3059\u308b<\/span><\/label><\/span><\/span><\/span>\n\t\t<\/p>\n\t<\/div>\n<\/div>\n<div class=\"submit-wrap\">\n\t<p><input class=\"wpcf7-form-control wpcf7-submit has-spinner\" type=\"submit\" value=\"\u9001\u4fe1\u3059\u308b\" \/>\n\t<\/p>\n<\/div><p style=\"display: none !important;\" class=\"akismet-fields-container\" data-prefix=\"_wpcf7_ak_\"><label>&#916;<textarea name=\"_wpcf7_ak_hp_textarea\" cols=\"45\" rows=\"8\" maxlength=\"100\"><\/textarea><\/label><input type=\"hidden\" id=\"ak_js_1\" name=\"_wpcf7_ak_js\" value=\"216\"\/><script>document.getElementById( \"ak_js_1\" ).setAttribute( \"value\", ( new Date() ).getTime() );<\/script><\/p><div class=\"wpcf7-response-output\" aria-hidden=\"true\"><\/div>\n<\/form>\n<\/div>\n\n\n\n\n<p><\/p>\n","protected":false},"excerpt":{"rendered":"<p>\u3088\u304f\u3042\u308b\u8cea\u554f\u306f\u3053\u3061\u3089 \u3054\u4e0d\u660e\u306a\u70b9\u304c\u3054\u3056\u3044\u307e\u3057\u305f\u3089\u3001\u4e0b\u8a18\u307e\u3067\u304a\u554f\u3044\u5408\u308f\u305b\u304f\u3060\u3055\u3044\u3002\u30e1\u30fc\u30eb\u306b\u3088\u308b\u304a\u554f\u3044\u5408\u308f\u305b\u306f\u3001\u304a\u6642\u9593\u3092\u3044\u305f\u3060\u304f\u5834\u5408\u304c\u3054\u3056\u3044\u307e\u3059\u3002\u304a\u6025\u304e\u306e\u5834\u5408\u306f\u3001\u304a\u96fb\u8a71\u306b\u3066\u304a\u554f\u3044\u5408\u308f\u305b\u304f\u3060\u3055\u3044\u3002 \u304a\u96fb\u8a71\u3067\u306e\u304a\u554f\u3044\u5408\u308f\u305b TE [&hellip;]<\/p>\n","protected":false},"author":1,"featured_media":0,"parent":0,"menu_order":5,"comment_status":"closed","ping_status":"closed","template":"","meta":{"_acf_changed":false,"footnotes":""},"class_list":["post-21","page","type-page","status-publish","hentry"],"acf":[],"_links":{"self":[{"href":"https:\/\/hcv1001lfxr8.smartrelease.jp\/control-panel\/wp-json\/wp\/v2\/pages\/21","targetHints":{"allow":["GET"]}}],"collection":[{"href":"https:\/\/hcv1001lfxr8.smartrelease.jp\/control-panel\/wp-json\/wp\/v2\/pages"}],"about":[{"href":"https:\/\/hcv1001lfxr8.smartrelease.jp\/control-panel\/wp-json\/wp\/v2\/types\/page"}],"author":[{"embeddable":true,"href":"https:\/\/hcv1001lfxr8.smartrelease.jp\/control-panel\/wp-json\/wp\/v2\/users\/1"}],"replies":[{"embeddable":true,"href":"https:\/\/hcv1001lfxr8.smartrelease.jp\/control-panel\/wp-json\/wp\/v2\/comments?post=21"}],"version-history":[{"count":16,"href":"https:\/\/hcv1001lfxr8.smartrelease.jp\/control-panel\/wp-json\/wp\/v2\/pages\/21\/revisions"}],"predecessor-version":[{"id":773,"href":"https:\/\/hcv1001lfxr8.smartrelease.jp\/control-panel\/wp-json\/wp\/v2\/pages\/21\/revisions\/773"}],"wp:attachment":[{"href":"https:\/\/hcv1001lfxr8.smartrelease.jp\/control-panel\/wp-json\/wp\/v2\/media?parent=21"}],"curies":[{"name":"wp","href":"https:\/\/api.w.org\/{rel}","templated":true}]}}